{"id":6,"date":"2023-05-08T10:08:06","date_gmt":"2023-05-08T10:08:06","guid":{"rendered":"https:\/\/spedition-gburek.de\/?page_id=6"},"modified":"2023-05-08T11:44:08","modified_gmt":"2023-05-08T11:44:08","slug":"startseite","status":"publish","type":"page","link":"https:\/\/spedition-gburek.de\/","title":{"rendered":"Startseite"},"content":{"rendered":"<p>[et_pb_section fb_built=&#8220;1&#8243; admin_label=&#8220;Header&#8220; _builder_version=&#8220;4.21.0&#8243; background_color=&#8220;#1AA2E3&#8243; background_image=&#8220;https:\/\/spedition-gburek.de\/wp-content\/uploads\/2023\/05\/transportation-services-18.png&#8220; custom_padding=&#8220;0px||0px||true&#8220; global_colors_info=&#8220;{}&#8220;][et_pb_row column_structure=&#8220;1_2,1_2&#8243; use_custom_gutter=&#8220;on&#8220; gutter_width=&#8220;1&#8243; make_equal=&#8220;on&#8220; padding_top_bottom_link_1=&#8220;true&#8220; padding_left_right_link_1=&#8220;true&#8220; module_class=&#8220; et_pb_row_fullwidth&#8220; _builder_version=&#8220;4.21.0&#8243; background_color=&#8220;#1257aa&#8220; use_background_color_gradient=&#8220;on&#8220; background_image=&#8220;https:\/\/spedition-gburek.de\/wp-content\/uploads\/2023\/05\/transportation-services-01.png&#8220; parallax=&#8220;on&#8220; width=&#8220;100%&#8220; width_tablet=&#8220;100%&#8220; width_phone=&#8220;100%&#8220; width_last_edited=&#8220;on|desktop&#8220; max_width=&#8220;100%&#8220; max_width_tablet=&#8220;100%&#8220; max_width_phone=&#8220;100%&#8220; max_width_last_edited=&#8220;on|desktop&#8220; custom_padding=&#8220;0px||0px||true&#8220; make_fullwidth=&#8220;on&#8220; global_colors_info=&#8220;{}&#8220;][et_pb_column type=&#8220;1_2&#8243; admin_label=&#8220;Spalte&#8220; _builder_version=&#8220;4.21.0&#8243; background_color=&#8220;gcid-c27422d9-fc9e-4a45-9500-9a7c4cd64fcd&#8220; background_image=&#8220;https:\/\/spedition-gburek.de\/wp-content\/uploads\/2023\/05\/transportation-services-01.png&#8220; background_size=&#8220;initial&#8220; background_position=&#8220;bottom_left&#8220; background_blend=&#8220;multiply&#8220; custom_padding=&#8220;6vw|6%|6vw|6%&#8220; custom_padding_tablet=&#8220;|10%||10%||true&#8220; custom_padding_phone=&#8220;|||&#8220; custom_padding_last_edited=&#8220;on|desktop&#8220; global_colors_info=&#8220;{%22gcid-c27422d9-fc9e-4a45-9500-9a7c4cd64fcd%22:%91%22background_color%22%93}&#8220; padding_phone=&#8220;|||&#8220; padding_tablet=&#8220;|10%||10%||true&#8220; padding_last_edited=&#8220;on|desktop&#8220; custom_padding__hover=&#8220;|||&#8220;][et_pb_text ul_type=&#8220;circle&#8220; _builder_version=&#8220;4.16&#8243; text_font=&#8220;||||||||&#8220; ul_font=&#8220;||||||||&#8220; ul_font_size=&#8220;18px&#8220; ul_line_height=&#8220;2em&#8220; header_font=&#8220;Montserrat|700|||||||&#8220; header_font_size=&#8220;50px&#8220; header_line_height=&#8220;1.2em&#8220; background_layout=&#8220;dark&#8220; header_font_size_tablet=&#8220;40px&#8220; header_font_size_phone=&#8220;28px&#8220; header_font_size_last_edited=&#8220;on|phone&#8220; global_colors_info=&#8220;{}&#8220;]<\/p>\n<h1>Ihre Spedition seit 1985<\/h1>\n<p>[\/et_pb_text][et_pb_button button_url=&#8220;#kontakt&#8220; button_text=&#8220;Kontaktieren Sie uns&#8220; _builder_version=&#8220;4.21.0&#8243; custom_button=&#8220;on&#8220; button_text_size=&#8220;16px&#8220; button_text_color=&#8220;#2a2a2a&#8220; button_bg_color=&#8220;#ffffff&#8220; button_border_width=&#8220;10px&#8220; button_border_color=&#8220;#ffffff&#8220; button_letter_spacing=&#8220;2px&#8220; button_font=&#8220;Montserrat|700|||||||&#8220; button_icon=&#8220;&#x24;||divi||400&#8243; custom_margin=&#8220;20px||20px||true&#8220; global_colors_info=&#8220;{}&#8220; button_text_size__hover_enabled=&#8220;off&#8220; button_one_text_size__hover_enabled=&#8220;off&#8220; button_two_text_size__hover_enabled=&#8220;off&#8220; button_text_color__hover_enabled=&#8220;off&#8220; button_one_text_color__hover_enabled=&#8220;off&#8220; button_two_text_color__hover_enabled=&#8220;off&#8220; button_border_width__hover_enabled=&#8220;off&#8220; button_one_border_width__hover_enabled=&#8220;off&#8220; button_two_border_width__hover_enabled=&#8220;off&#8220; button_border_color__hover_enabled=&#8220;off&#8220; button_one_border_color__hover_enabled=&#8220;off&#8220; button_two_border_color__hover_enabled=&#8220;off&#8220; button_border_radius__hover_enabled=&#8220;off&#8220; button_one_border_radius__hover_enabled=&#8220;off&#8220; button_two_border_radius__hover_enabled=&#8220;off&#8220; button_letter_spacing__hover_enabled=&#8220;off&#8220; button_one_letter_spacing__hover_enabled=&#8220;off&#8220; button_two_letter_spacing__hover_enabled=&#8220;off&#8220; button_bg_color__hover_enabled=&#8220;off&#8220; button_one_bg_color__hover_enabled=&#8220;off&#8220; button_two_bg_color__hover_enabled=&#8220;off&#8220;][\/et_pb_button][et_pb_text _builder_version=&#8220;4.16&#8243; text_font=&#8220;Montserrat|700|||||||&#8220; text_font_size=&#8220;40px&#8220; text_line_height=&#8220;1.8em&#8220; header_font=&#8220;||||||||&#8220; background_layout=&#8220;dark&#8220; custom_margin=&#8220;|||&#8220; text_font_size_tablet=&#8220;&#8220; text_font_size_phone=&#8220;28px&#8220; text_font_size_last_edited=&#8220;on|phone&#8220; global_colors_info=&#8220;{}&#8220;]<\/p>\n<p>+49 281 1637837<\/p>\n<p>[\/et_pb_text][\/et_pb_column][et_pb_column type=&#8220;1_2&#8243; _builder_version=&#8220;4.16&#8243; custom_padding=&#8220;|||&#8220; global_colors_info=&#8220;{}&#8220; custom_padding__hover=&#8220;|||&#8220;][et_pb_image src=&#8220;https:\/\/spedition-gburek.de\/wp-content\/uploads\/2023\/05\/SPED_JG_006-scaled.jpg&#8220; title_text=&#8220;SPED_JG_006&#8243; force_fullwidth=&#8220;on&#8220; _builder_version=&#8220;4.21.0&#8243; background_color=&#8220;#1AA2E3&#8243; min_height=&#8220;701px&#8220; custom_margin=&#8220;0px||0px||true|&#8220; animation_style=&#8220;zoom&#8220; animation_direction=&#8220;left&#8220; animation_intensity_zoom=&#8220;5%&#8220; always_center_on_mobile=&#8220;off&#8220; global_colors_info=&#8220;{}&#8220;][\/et_pb_image][\/et_pb_column][\/et_pb_row][\/et_pb_section][et_pb_section fb_built=&#8220;1&#8243; admin_label=&#8220;Services&#8220; _builder_version=&#8220;4.16&#8243; background_image=&#8220;https:\/\/spedition-gburek.de\/wp-content\/uploads\/2023\/05\/transportation-services-19.png&#8220; background_size=&#8220;initial&#8220; background_position=&#8220;top_left&#8220; custom_padding=&#8220;|||&#8220; bottom_divider_style=&#8220;ramp2&#8243; bottom_divider_color=&#8220;#f1f5f9&#8243; bottom_divider_height=&#8220;250px&#8220; global_colors_info=&#8220;{}&#8220;][et_pb_row column_structure=&#8220;1_4,1_4,1_4,1_4&#8243; use_custom_gutter=&#8220;on&#8220; gutter_width=&#8220;1&#8243; _builder_version=&#8220;4.16&#8243; max_width=&#8220;80%&#8220; custom_padding=&#8220;0|0px|0|0px|false|false&#8220; border_width_all=&#8220;1px&#8220; border_color_all=&#8220;#e7eef5&#8243; border_width_top=&#8220;0px&#8220; border_width_bottom=&#8220;0px&#8220; use_custom_width=&#8220;on&#8220; width_unit=&#8220;off&#8220; global_colors_info=&#8220;{}&#8220;][et_pb_column type=&#8220;1_4&#8243; _builder_version=&#8220;4.16&#8243; custom_padding=&#8220;|||&#8220; global_colors_info=&#8220;{}&#8220; custom_padding__hover=&#8220;|||&#8220;][et_pb_blurb title=&#8220;THERMO &#038; K\u00dcHLTRANSPORTE&#8220; _builder_version=&#8220;4.16&#8243; header_font=&#8220;Montserrat|600||on|||||&#8220; header_font_size=&#8220;14px&#8220; header_letter_spacing=&#8220;1px&#8220; header_line_height=&#8220;1.8em&#8220; text_orientation=&#8220;center&#8220; custom_padding=&#8220;36px|20px|36px|20px|true|true&#8220; custom_padding_tablet=&#8220;10px||10px||true&#8220; custom_padding_phone=&#8220;&#8220; custom_padding_last_edited=&#8220;on|desktop&#8220; border_width_all=&#8220;1px&#8220; border_color_all=&#8220;#e7eef5&#8243; border_width_top=&#8220;0px&#8220; global_colors_info=&#8220;{}&#8220;][\/et_pb_blurb][\/et_pb_column][et_pb_column type=&#8220;1_4&#8243; _builder_version=&#8220;4.16&#8243; custom_padding=&#8220;|||&#8220; global_colors_info=&#8220;{}&#8220; custom_padding__hover=&#8220;|||&#8220;][et_pb_blurb title=&#8220;SONDERTRANSPORTE&#8220; _builder_version=&#8220;4.16&#8243; header_font=&#8220;Montserrat|600||on|||||&#8220; header_font_size=&#8220;14px&#8220; header_letter_spacing=&#8220;1px&#8220; header_line_height=&#8220;1.8em&#8220; text_orientation=&#8220;center&#8220; custom_padding=&#8220;36px|20px|36px|20px|true|true&#8220; custom_padding_tablet=&#8220;10px||10px||true&#8220; custom_padding_phone=&#8220;&#8220; custom_padding_last_edited=&#8220;on|desktop&#8220; border_width_all=&#8220;1px&#8220; border_color_all=&#8220;#e7eef5&#8243; border_width_top=&#8220;0px&#8220; locked=&#8220;off&#8220; global_colors_info=&#8220;{}&#8220;][\/et_pb_blurb][\/et_pb_column][et_pb_column type=&#8220;1_4&#8243; _builder_version=&#8220;4.16&#8243; custom_padding=&#8220;|||&#8220; global_colors_info=&#8220;{}&#8220; custom_padding__hover=&#8220;|||&#8220;][et_pb_blurb title=&#8220;PLANENTRANSPOrte&#8220; _builder_version=&#8220;4.16&#8243; header_font=&#8220;Montserrat|600||on|||||&#8220; header_font_size=&#8220;14px&#8220; header_letter_spacing=&#8220;1px&#8220; header_line_height=&#8220;1.8em&#8220; text_orientation=&#8220;center&#8220; custom_padding=&#8220;36px|20px|36px|20px|true|true&#8220; custom_padding_tablet=&#8220;10px||10px||true&#8220; custom_padding_phone=&#8220;&#8220; custom_padding_last_edited=&#8220;on|desktop&#8220; border_width_all=&#8220;1px&#8220; border_color_all=&#8220;#e7eef5&#8243; border_width_top=&#8220;0px&#8220; locked=&#8220;off&#8220; global_colors_info=&#8220;{}&#8220;][\/et_pb_blurb][\/et_pb_column][et_pb_column type=&#8220;1_4&#8243; _builder_version=&#8220;4.16&#8243; custom_padding=&#8220;|||&#8220; global_colors_info=&#8220;{}&#8220; custom_padding__hover=&#8220;|||&#8220;][et_pb_blurb title=&#8220;STAHL COIL TRANSPORTE&#8220; _builder_version=&#8220;4.16&#8243; header_font=&#8220;Montserrat|600||on|||||&#8220; header_font_size=&#8220;14px&#8220; header_letter_spacing=&#8220;1px&#8220; header_line_height=&#8220;1.8em&#8220; text_orientation=&#8220;center&#8220; custom_padding=&#8220;36px|20px|36px|20px|true|true&#8220; custom_padding_tablet=&#8220;10px||10px||true&#8220; custom_padding_phone=&#8220;&#8220; custom_padding_last_edited=&#8220;on|desktop&#8220; border_width_all=&#8220;1px&#8220; border_color_all=&#8220;#e7eef5&#8243; border_width_top=&#8220;0px&#8220; locked=&#8220;off&#8220; global_colors_info=&#8220;{}&#8220;][\/et_pb_blurb][\/et_pb_column][\/et_pb_row][et_pb_row column_structure=&#8220;1_4,1_4,1_4,1_4&#8243; use_custom_gutter=&#8220;on&#8220; gutter_width=&#8220;1&#8243; _builder_version=&#8220;4.16&#8243; max_width=&#8220;80%&#8220; custom_margin=&#8220;||60px|&#8220; custom_padding=&#8220;0|0px|0|0px|false|false&#8220; border_width_all=&#8220;1px&#8220; border_color_all=&#8220;#e7eef5&#8243; border_width_top=&#8220;0px&#8220; border_width_bottom=&#8220;0px&#8220; use_custom_width=&#8220;on&#8220; width_unit=&#8220;off&#8220; global_colors_info=&#8220;{}&#8220;][et_pb_column type=&#8220;1_4&#8243; _builder_version=&#8220;4.16&#8243; custom_padding=&#8220;|||&#8220; global_colors_info=&#8220;{}&#8220; custom_padding__hover=&#8220;|||&#8220;][et_pb_blurb title=&#8220;-25\u00b0C bis +25\u00b0C&#8220; _builder_version=&#8220;4.16&#8243; header_font=&#8220;Montserrat|600||on|||||&#8220; header_font_size=&#8220;14px&#8220; header_letter_spacing=&#8220;1px&#8220; header_line_height=&#8220;1.8em&#8220; text_orientation=&#8220;center&#8220; custom_padding=&#8220;36px|20px|36px|20px|true|true&#8220; custom_padding_tablet=&#8220;10px||10px||true&#8220; custom_padding_phone=&#8220;&#8220; custom_padding_last_edited=&#8220;on|desktop&#8220; border_width_all=&#8220;1px&#8220; border_color_all=&#8220;#e7eef5&#8243; border_width_bottom=&#8220;0px&#8220; locked=&#8220;off&#8220; global_colors_info=&#8220;{}&#8220;][\/et_pb_blurb][\/et_pb_column][et_pb_column type=&#8220;1_4&#8243; _builder_version=&#8220;4.16&#8243; custom_padding=&#8220;|||&#8220; global_colors_info=&#8220;{}&#8220; custom_padding__hover=&#8220;|||&#8220;][et_pb_blurb title=&#8220;BiS 3m Breite &#038; 23M Gesamtl\u00e4nge&#8220; _builder_version=&#8220;4.16&#8243; header_font=&#8220;Montserrat|600||on|||||&#8220; header_font_size=&#8220;14px&#8220; header_letter_spacing=&#8220;1px&#8220; header_line_height=&#8220;1.8em&#8220; text_orientation=&#8220;center&#8220; custom_padding=&#8220;36px|20px|36px|20px|true|true&#8220; custom_padding_tablet=&#8220;10px||10px||true&#8220; custom_padding_phone=&#8220;&#8220; custom_padding_last_edited=&#8220;on|desktop&#8220; border_width_all=&#8220;1px&#8220; border_color_all=&#8220;#e7eef5&#8243; border_width_bottom=&#8220;0px&#8220; locked=&#8220;off&#8220; global_colors_info=&#8220;{}&#8220;][\/et_pb_blurb][\/et_pb_column][et_pb_column type=&#8220;1_4&#8243; _builder_version=&#8220;4.16&#8243; custom_padding=&#8220;|||&#8220; global_colors_info=&#8220;{}&#8220; custom_padding__hover=&#8220;|||&#8220;][et_pb_blurb title=&#8220;BIS 3m Innenh\u00f6he&#8220; _builder_version=&#8220;4.16&#8243; header_font=&#8220;Montserrat|600||on|||||&#8220; header_font_size=&#8220;14px&#8220; header_letter_spacing=&#8220;1px&#8220; header_line_height=&#8220;1.8em&#8220; text_orientation=&#8220;center&#8220; custom_padding=&#8220;36px|20px|36px|20px|true|true&#8220; custom_padding_tablet=&#8220;10px||10px||true&#8220; custom_padding_phone=&#8220;&#8220; custom_padding_last_edited=&#8220;on|desktop&#8220; border_width_all=&#8220;1px&#8220; border_color_all=&#8220;#e7eef5&#8243; border_width_bottom=&#8220;0px&#8220; locked=&#8220;off&#8220; global_colors_info=&#8220;{}&#8220;][\/et_pb_blurb][\/et_pb_column][et_pb_column type=&#8220;1_4&#8243; _builder_version=&#8220;4.16&#8243; custom_padding=&#8220;|||&#8220; global_colors_info=&#8220;{}&#8220; custom_padding__hover=&#8220;|||&#8220;][et_pb_blurb title=&#8220;BIS 120M&#8220; _builder_version=&#8220;4.16&#8243; header_font=&#8220;Montserrat|600||on|||||&#8220; header_font_size=&#8220;14px&#8220; header_letter_spacing=&#8220;1px&#8220; header_line_height=&#8220;1.8em&#8220; text_orientation=&#8220;center&#8220; custom_padding=&#8220;36px|20px|36px|20px|true|true&#8220; custom_padding_tablet=&#8220;10px||10px||true&#8220; custom_padding_phone=&#8220;&#8220; custom_padding_last_edited=&#8220;on|desktop&#8220; border_width_all=&#8220;1px&#8220; border_color_all=&#8220;#e7eef5&#8243; border_width_bottom=&#8220;0px&#8220; locked=&#8220;off&#8220; global_colors_info=&#8220;{}&#8220;][\/et_pb_blurb][\/et_pb_column][\/et_pb_row][et_pb_row _builder_version=&#8220;4.16&#8243; global_colors_info=&#8220;{}&#8220;][et_pb_column type=&#8220;4_4&#8243; _builder_version=&#8220;4.16&#8243; custom_padding=&#8220;|||&#8220; global_colors_info=&#8220;{}&#8220; custom_padding__hover=&#8220;|||&#8220;][et_pb_text _builder_version=&#8220;4.16&#8243; text_font=&#8220;||||||||&#8220; text_font_size=&#8220;18px&#8220; text_line_height=&#8220;1.8em&#8220; header_font=&#8220;||||||||&#8220; header_2_font=&#8220;Montserrat|700|||||||&#8220; header_2_font_size=&#8220;48px&#8220; header_2_line_height=&#8220;1.4em&#8220; text_orientation=&#8220;center&#8220; max_width=&#8220;700px&#8220; module_alignment=&#8220;center&#8220; header_2_font_size_tablet=&#8220;38px&#8220; header_2_font_size_phone=&#8220;28px&#8220; header_2_font_size_last_edited=&#8220;on|phone&#8220; global_colors_info=&#8220;{}&#8220;]<\/p>\n<h2>SPEDITION J\u00d6RG GBUREK<\/h2>\n<p>Das familiengef\u00fchrte Speditionsunternehmen J\u00d6RG GBUREK wurde im Jahr 1985 gegr\u00fcndet und feierte im Jahr 2020 sein 35-j\u00e4hriges Jubil\u00e4um.<br \/>Dies ist aber kein Grund zum Ausruhen, ganz im Gegenteil, dies best\u00e4tigt nur den eingeschlagenen Weg fortzuf\u00fchren.<br \/>Kundenservice und Transparenz schreiben wir bei unserer t\u00e4glichen Arbeit ganz gro\u00df.<\/p>\n<p>Der Grundstein unseres Unternehmens wurde im Mai 1985 gelegt.<br \/>Seitdem k\u00f6nnen wir ein\u00a0kontinuierliches Wachstum verzeichnen.<br \/>Aus den damaligen zwei Mitarbeitern, ist mittlerweile eine Belegschaft von 7 Mitarbeitern geworden.<br \/>Der Fuhrpark umfasst mehr als 8 LKWs, Spezialfahrzeuge und Transporter.<\/p>\n<p>Unserem modernen Fuhrpark,\u00a0steht auf dispositiver Seite ein dynamisches und flexibles Team von Mitarbeitern zur Seite,<br \/>wobei ein konsequent und \u00e4u\u00dferst kundenorientiertes Handeln Grundsatz und Philosophie von J\u00f6rg Gburek ist.<\/p>\n<p>[\/et_pb_text][\/et_pb_column][\/et_pb_row][\/et_pb_section][et_pb_section fb_built=&#8220;1&#8243; admin_label=&#8220;Footer&#8220; module_id=&#8220;kontakt&#8220; _builder_version=&#8220;4.21.0&#8243; background_image=&#8220;https:\/\/spedition-gburek.de\/wp-content\/uploads\/2023\/05\/transportation-services-01.png&#8220; parallax=&#8220;on&#8220; custom_padding=&#8220;0px||0px||true&#8220; saved_tabs=&#8220;all&#8220; global_colors_info=&#8220;{}&#8220;][et_pb_row column_structure=&#8220;1_2,1_2&#8243; use_custom_gutter=&#8220;on&#8220; gutter_width=&#8220;1&#8243; make_equal=&#8220;on&#8220; padding_top_bottom_link_1=&#8220;true&#8220; padding_top_bottom_link_2=&#8220;true&#8220; padding_left_right_link_1=&#8220;true&#8220; padding_left_right_link_2=&#8220;true&#8220; module_class=&#8220; et_pb_row_fullwidth&#8220; _builder_version=&#8220;4.16&#8243; width=&#8220;100%&#8220; width_tablet=&#8220;100%&#8220; width_phone=&#8220;100%&#8220; width_last_edited=&#8220;on|desktop&#8220; max_width=&#8220;100%&#8220; max_width_tablet=&#8220;100%&#8220; max_width_phone=&#8220;100%&#8220; max_width_last_edited=&#8220;on|desktop&#8220; custom_padding=&#8220;0px||0px||true&#8220; make_fullwidth=&#8220;on&#8220; global_colors_info=&#8220;{}&#8220;][et_pb_column type=&#8220;1_2&#8243; _builder_version=&#8220;4.16&#8243; custom_padding=&#8220;80px|6%|80px|6%&#8220; custom_padding_tablet=&#8220;|10%||10%||true&#8220; custom_padding_phone=&#8220;|||&#8220; custom_padding_last_edited=&#8220;on|phone&#8220; global_colors_info=&#8220;{}&#8220; padding_phone=&#8220;|||&#8220; padding_tablet=&#8220;|10%||10%||true&#8220; padding_last_edited=&#8220;on|phone&#8220; custom_padding__hover=&#8220;|||&#8220;][et_pb_text _builder_version=&#8220;4.21.0&#8243; _module_preset=&#8220;default&#8220; global_colors_info=&#8220;{}&#8220;]<\/p>\n<h1><strong>IMPRESSUM &amp; KONTAKT<\/strong><\/h1>\n<p><strong>SPEDITION J\u00d6RG GBUREK<\/strong><\/p>\n<p><strong>Inhaber: <\/strong>J\u00f6rg Gburek<\/p>\n<p><strong>Adresse: <\/strong>Am Nordturm 3, 46562 Voerde<\/p>\n<p><span class=\"companycontacts\"><strong>Telefon<\/strong>:<\/span>\u00a0+49 (0) 281 \/ 163 78 37<br \/><span class=\"companycontacts\"><strong>Fax<\/strong>:\u00a0<\/span>+49 (0) 281 \/ 163 78 39<\/p>\n<p><span class=\"companycontacts\"><strong>E-Mail<\/strong>:<\/span>\u00a0<span id=\"cloak1246e64f5dc9cc38576f39ae97cacb30\"><a href=\"https:\/\/web.archive.org\/web\/20230203222357\/mailto:joerg.gburek@t-online.de\">joerg.gburek@t-online.de<\/a><\/span><br \/><span class=\"companycontacts\"><strong>E-Mail<\/strong>:<\/span>\u00a0<span id=\"cloak3bd42e7eaee819f9c9d76ac625d13d7c\"><a href=\"https:\/\/web.archive.org\/web\/20230203222357\/mailto:info@spedition-gburek.de\">info@spedition-gburek.de<\/a><\/span><\/p>\n<p>&nbsp;<\/p>\n<p>[\/et_pb_text][\/et_pb_column][et_pb_column type=&#8220;1_2&#8243; admin_label=&#8220;Spalte&#8220; _builder_version=&#8220;4.21.0&#8243; background_color=&#8220;gcid-c27422d9-fc9e-4a45-9500-9a7c4cd64fcd&#8220; custom_padding=&#8220;80px|6%|80px|6%&#8220; custom_padding_tablet=&#8220;|10%||10%||true&#8220; custom_padding_phone=&#8220;|||&#8220; custom_padding_last_edited=&#8220;on|desktop&#8220; global_colors_info=&#8220;{%22gcid-c27422d9-fc9e-4a45-9500-9a7c4cd64fcd%22:%91%22background_color%22%93}&#8220; padding_phone=&#8220;|||&#8220; padding_tablet=&#8220;|10%||10%||true&#8220; padding_last_edited=&#8220;on|desktop&#8220; custom_padding__hover=&#8220;|||&#8220;][et_pb_text _builder_version=&#8220;4.21.0&#8243; text_font=&#8220;||||||||&#8220; text_font_size=&#8220;16px&#8220; text_line_height=&#8220;2em&#8220; header_font=&#8220;||||||||&#8220; header_3_font=&#8220;Montserrat|700|||||||&#8220; header_3_font_size=&#8220;26px&#8220; header_3_line_height=&#8220;1.4em&#8220; background_layout=&#8220;dark&#8220; max_width=&#8220;700px&#8220; header_3_font_size_tablet=&#8220;26px&#8220; header_3_font_size_phone=&#8220;20px&#8220; header_3_font_size_last_edited=&#8220;on|desktop&#8220; locked=&#8220;off&#8220; global_colors_info=&#8220;{}&#8220;]<\/p>\n<h3>Senden Sie uns Ihre Anfrage<\/h3>\n<p>[\/et_pb_text][et_pb_contact_form captcha=&#8220;off&#8220; module_id=&#8220;et_pb_contact_form_0&#8243; _builder_version=&#8220;4.21.0&#8243; form_field_background_color=&#8220;rgba(0,0,0,0)&#8220; form_field_text_color=&#8220;rgba(255,255,255,0.7)&#8220; form_field_font=&#8220;||||||||&#8220; form_field_font_size=&#8220;16px&#8220; custom_button=&#8220;on&#8220; button_text_size=&#8220;16px&#8220; button_text_color=&#8220;#2a2a2a&#8220; button_bg_color=&#8220;#ffffff&#8220; button_border_width=&#8220;10px&#8220; button_border_color=&#8220;#ffffff&#8220; button_letter_spacing=&#8220;2px&#8220; button_font=&#8220;Montserrat|700|||||||&#8220; button_icon=&#8220;&#x24;||divi||400&#8243; border_color_all=&#8220;rgba(255,255,255,0.15)&#8220; border_width_bottom=&#8220;2px&#8220; form_background_color=&#8220;rgba(0,0,0,0)&#8220; global_colors_info=&#8220;{}&#8220;][et_pb_contact_field field_id=&#8220;Name&#8220; field_title=&#8220;Name&#8220; fullwidth_field=&#8220;on&#8220; _builder_version=&#8220;4.16&#8243; global_colors_info=&#8220;{}&#8220; button_text_size__hover_enabled=&#8220;off&#8220; button_one_text_size__hover_enabled=&#8220;off&#8220; button_two_text_size__hover_enabled=&#8220;off&#8220; button_text_color__hover_enabled=&#8220;off&#8220; button_one_text_color__hover_enabled=&#8220;off&#8220; button_two_text_color__hover_enabled=&#8220;off&#8220; button_border_width__hover_enabled=&#8220;off&#8220; button_one_border_width__hover_enabled=&#8220;off&#8220; button_two_border_width__hover_enabled=&#8220;off&#8220; button_border_color__hover_enabled=&#8220;off&#8220; button_one_border_color__hover_enabled=&#8220;off&#8220; button_two_border_color__hover_enabled=&#8220;off&#8220; button_border_radius__hover_enabled=&#8220;off&#8220; button_one_border_radius__hover_enabled=&#8220;off&#8220; button_two_border_radius__hover_enabled=&#8220;off&#8220; button_letter_spacing__hover_enabled=&#8220;off&#8220; button_one_letter_spacing__hover_enabled=&#8220;off&#8220; button_two_letter_spacing__hover_enabled=&#8220;off&#8220; button_bg_color__hover_enabled=&#8220;off&#8220; button_one_bg_color__hover_enabled=&#8220;off&#8220; button_two_bg_color__hover_enabled=&#8220;off&#8220;][\/et_pb_contact_field][et_pb_contact_field field_id=&#8220;Email&#8220; field_title=&#8220;Email Adresse&#8220; field_type=&#8220;email&#8220; fullwidth_field=&#8220;on&#8220; _builder_version=&#8220;4.21.0&#8243; global_colors_info=&#8220;{}&#8220; button_text_size__hover_enabled=&#8220;off&#8220; button_one_text_size__hover_enabled=&#8220;off&#8220; button_two_text_size__hover_enabled=&#8220;off&#8220; button_text_color__hover_enabled=&#8220;off&#8220; button_one_text_color__hover_enabled=&#8220;off&#8220; button_two_text_color__hover_enabled=&#8220;off&#8220; button_border_width__hover_enabled=&#8220;off&#8220; button_one_border_width__hover_enabled=&#8220;off&#8220; button_two_border_width__hover_enabled=&#8220;off&#8220; button_border_color__hover_enabled=&#8220;off&#8220; button_one_border_color__hover_enabled=&#8220;off&#8220; button_two_border_color__hover_enabled=&#8220;off&#8220; button_border_radius__hover_enabled=&#8220;off&#8220; button_one_border_radius__hover_enabled=&#8220;off&#8220; button_two_border_radius__hover_enabled=&#8220;off&#8220; button_letter_spacing__hover_enabled=&#8220;off&#8220; button_one_letter_spacing__hover_enabled=&#8220;off&#8220; button_two_letter_spacing__hover_enabled=&#8220;off&#8220; button_bg_color__hover_enabled=&#8220;off&#8220; button_one_bg_color__hover_enabled=&#8220;off&#8220; button_two_bg_color__hover_enabled=&#8220;off&#8220;][\/et_pb_contact_field][et_pb_contact_field field_id=&#8220;Nachricht&#8220; field_title=&#8220;Nachricht&#8220; field_type=&#8220;text&#8220; fullwidth_field=&#8220;on&#8220; _builder_version=&#8220;4.21.0&#8243; global_colors_info=&#8220;{}&#8220; button_text_size__hover_enabled=&#8220;off&#8220; button_one_text_size__hover_enabled=&#8220;off&#8220; button_two_text_size__hover_enabled=&#8220;off&#8220; button_text_color__hover_enabled=&#8220;off&#8220; button_one_text_color__hover_enabled=&#8220;off&#8220; button_two_text_color__hover_enabled=&#8220;off&#8220; button_border_width__hover_enabled=&#8220;off&#8220; button_one_border_width__hover_enabled=&#8220;off&#8220; button_two_border_width__hover_enabled=&#8220;off&#8220; button_border_color__hover_enabled=&#8220;off&#8220; button_one_border_color__hover_enabled=&#8220;off&#8220; button_two_border_color__hover_enabled=&#8220;off&#8220; button_border_radius__hover_enabled=&#8220;off&#8220; button_one_border_radius__hover_enabled=&#8220;off&#8220; button_two_border_radius__hover_enabled=&#8220;off&#8220; button_letter_spacing__hover_enabled=&#8220;off&#8220; button_one_letter_spacing__hover_enabled=&#8220;off&#8220; button_two_letter_spacing__hover_enabled=&#8220;off&#8220; button_bg_color__hover_enabled=&#8220;off&#8220; button_one_bg_color__hover_enabled=&#8220;off&#8220; button_two_bg_color__hover_enabled=&#8220;off&#8220;][\/et_pb_contact_field][\/et_pb_contact_form][\/et_pb_column][\/et_pb_row][\/et_pb_section]<\/p>\n","protected":false},"excerpt":{"rendered":"<p>Ihre Spedition seit 1985+49 281 1637837SPEDITION J\u00d6RG GBUREK Das familiengef\u00fchrte Speditionsunternehmen J\u00d6RG GBUREK wurde im Jahr 1985 gegr\u00fcndet und feierte im Jahr 2020 sein 35-j\u00e4hriges Jubil\u00e4um.Dies ist aber kein Grund zum Ausruhen, ganz im Gegenteil, dies best\u00e4tigt nur den eingeschlagenen Weg fortzuf\u00fchren.Kundenservice und Transparenz schreiben wir bei unserer t\u00e4glichen Arbeit ganz gro\u00df. Der Grundstein unseres [&hellip;]<\/p>\n","protected":false},"author":1,"featured_media":0,"parent":0,"menu_order":0,"comment_status":"closed","ping_status":"closed","template":"","meta":{"_et_pb_use_builder":"on","_et_pb_old_content":"","_et_gb_content_width":""},"_links":{"self":[{"href":"https:\/\/spedition-gburek.de\/index.php?rest_route=\/wp\/v2\/pages\/6"}],"collection":[{"href":"https:\/\/spedition-gburek.de\/index.php?rest_route=\/wp\/v2\/pages"}],"about":[{"href":"https:\/\/spedition-gburek.de\/index.php?rest_route=\/wp\/v2\/types\/page"}],"author":[{"embeddable":true,"href":"https:\/\/spedition-gburek.de\/index.php?rest_route=\/wp\/v2\/users\/1"}],"replies":[{"embeddable":true,"href":"https:\/\/spedition-gburek.de\/index.php?rest_route=%2Fwp%2Fv2%2Fcomments&post=6"}],"version-history":[{"count":11,"href":"https:\/\/spedition-gburek.de\/index.php?rest_route=\/wp\/v2\/pages\/6\/revisions"}],"predecessor-version":[{"id":69,"href":"https:\/\/spedition-gburek.de\/index.php?rest_route=\/wp\/v2\/pages\/6\/revisions\/69"}],"wp:attachment":[{"href":"https:\/\/spedition-gburek.de\/index.php?rest_route=%2Fwp%2Fv2%2Fmedia&parent=6"}],"curies":[{"name":"wp","href":"https:\/\/api.w.org\/{rel}","templated":true}]}}